{"id":998,"date":"2024-07-24T11:10:29","date_gmt":"2024-07-24T11:10:29","guid":{"rendered":"https:\/\/florbela.com.pt\/?post_type=product&#038;p=998"},"modified":"2024-07-26T14:34:29","modified_gmt":"2024-07-26T14:34:29","slug":"lenco-miguel-vieira","status":"publish","type":"product","link":"https:\/\/florbela.com.pt\/en\/shop\/lenco-miguel-vieira\/","title":{"rendered":"Len\u00e7o Miguel Vieira"},"content":{"rendered":"<p>Visite o website de Miguel Vieira: https:\/\/store.miguelvieira.pt\/pt<\/p>\n<p>&nbsp;<\/p>\n<p>&nbsp;<\/p>\n","protected":false},"excerpt":{"rendered":"<p><em>Len\u00e7os desenvolvidos por Miguel Vieira especificamente para a equipa do BLIND, e<\/em>nquanto f\u00e3 do restaurante e com uma rela\u00e7\u00e3o pr\u00f3xima com a equipa.<\/p>\n<p><em>Agradecemos pelo carinho e gentileza.<\/em><\/p>\n","protected":false},"featured_media":1051,"comment_status":"open","ping_status":"closed","template":"","meta":{"_acf_changed":false},"product_brand":[],"product_cat":[75],"product_tag":[70,140,141],"giftcard-category":[],"class_list":{"0":"post-998","1":"product","2":"type-product","3":"status-publish","4":"has-post-thumbnail","6":"product_cat-especiais","7":"product_tag-blind","8":"product_tag-lenco","9":"product_tag-miguel-vieira","11":"first","12":"instock","13":"shipping-taxable","14":"purchasable","15":"product-type-simple"},"acf":[],"aioseo_notices":[],"_links":{"self":[{"href":"https:\/\/florbela.com.pt\/en\/wp-json\/wp\/v2\/product\/998","targetHints":{"allow":["GET"]}}],"collection":[{"href":"https:\/\/florbela.com.pt\/en\/wp-json\/wp\/v2\/product"}],"about":[{"href":"https:\/\/florbela.com.pt\/en\/wp-json\/wp\/v2\/types\/product"}],"replies":[{"embeddable":true,"href":"https:\/\/florbela.com.pt\/en\/wp-json\/wp\/v2\/comments?post=998"}],"wp:featuredmedia":[{"embeddable":true,"href":"https:\/\/florbela.com.pt\/en\/wp-json\/wp\/v2\/media\/1051"}],"wp:attachment":[{"href":"https:\/\/florbela.com.pt\/en\/wp-json\/wp\/v2\/media?parent=998"}],"wp:term":[{"taxonomy":"product_brand","embeddable":true,"href":"https:\/\/florbela.com.pt\/en\/wp-json\/wp\/v2\/product_brand?post=998"},{"taxonomy":"product_cat","embeddable":true,"href":"https:\/\/florbela.com.pt\/en\/wp-json\/wp\/v2\/product_cat?post=998"},{"taxonomy":"product_tag","embeddable":true,"href":"https:\/\/florbela.com.pt\/en\/wp-json\/wp\/v2\/product_tag?post=998"},{"taxonomy":"giftcard-category","embeddable":true,"href":"https:\/\/florbela.com.pt\/en\/wp-json\/wp\/v2\/giftcard-category?post=998"}],"curies":[{"name":"wp","href":"https:\/\/api.w.org\/{rel}","templated":true}]}}