{"id":953,"date":"2024-07-21T10:33:02","date_gmt":"2024-07-21T10:33:02","guid":{"rendered":"https:\/\/florbela.com.pt\/?post_type=product&#038;p=953"},"modified":"2024-08-09T12:10:42","modified_gmt":"2024-08-09T12:10:42","slug":"champagne-krug-grand-cuvee","status":"publish","type":"product","link":"https:\/\/florbela.com.pt\/en\/shop\/champagne-krug-grand-cuvee\/","title":{"rendered":"Champagne Krug Grand Cuv\u00e9e"},"content":{"rendered":"<p>&nbsp;<\/p>\n<p>&nbsp;<\/p>\n","protected":false},"excerpt":{"rendered":"<p><em>Mistura de 131 vinhos de 12 anos diferentes.<\/em><\/p>\n<p><em>Notas Gourmet de Flores, Frutos Secos, Citrinos, Ma\u00e7ap\u00e3o e P\u00e3o de Gengibre.<\/em><\/p>\n<p><em>750ml<\/em><\/p>\n","protected":false},"featured_media":954,"comment_status":"open","ping_status":"closed","template":"","meta":{"_acf_changed":false},"product_brand":[],"product_cat":[112,148],"product_tag":[107,120,116],"giftcard-category":[],"class_list":{"0":"post-953","1":"product","2":"type-product","3":"status-publish","4":"has-post-thumbnail","6":"product_cat-champagnes","7":"product_cat-liquidos","8":"product_tag-champagne","9":"product_tag-grand-cuvee","10":"product_tag-krug","12":"first","13":"instock","14":"shipping-taxable","15":"purchasable","16":"product-type-simple"},"acf":[],"aioseo_notices":[],"_links":{"self":[{"href":"https:\/\/florbela.com.pt\/en\/wp-json\/wp\/v2\/product\/953","targetHints":{"allow":["GET"]}}],"collection":[{"href":"https:\/\/florbela.com.pt\/en\/wp-json\/wp\/v2\/product"}],"about":[{"href":"https:\/\/florbela.com.pt\/en\/wp-json\/wp\/v2\/types\/product"}],"replies":[{"embeddable":true,"href":"https:\/\/florbela.com.pt\/en\/wp-json\/wp\/v2\/comments?post=953"}],"wp:featuredmedia":[{"embeddable":true,"href":"https:\/\/florbela.com.pt\/en\/wp-json\/wp\/v2\/media\/954"}],"wp:attachment":[{"href":"https:\/\/florbela.com.pt\/en\/wp-json\/wp\/v2\/media?parent=953"}],"wp:term":[{"taxonomy":"product_brand","embeddable":true,"href":"https:\/\/florbela.com.pt\/en\/wp-json\/wp\/v2\/product_brand?post=953"},{"taxonomy":"product_cat","embeddable":true,"href":"https:\/\/florbela.com.pt\/en\/wp-json\/wp\/v2\/product_cat?post=953"},{"taxonomy":"product_tag","embeddable":true,"href":"https:\/\/florbela.com.pt\/en\/wp-json\/wp\/v2\/product_tag?post=953"},{"taxonomy":"giftcard-category","embeddable":true,"href":"https:\/\/florbela.com.pt\/en\/wp-json\/wp\/v2\/giftcard-category?post=953"}],"curies":[{"name":"wp","href":"https:\/\/api.w.org\/{rel}","templated":true}]}}