{"id":939,"date":"2024-07-21T10:07:00","date_gmt":"2024-07-21T10:07:00","guid":{"rendered":"https:\/\/florbela.com.pt\/?post_type=product&#038;p=939"},"modified":"2024-08-09T12:11:32","modified_gmt":"2024-08-09T12:11:32","slug":"champagne-ar-lenoble-rose","status":"publish","type":"product","link":"https:\/\/florbela.com.pt\/en\/shop\/champagne-ar-lenoble-rose\/","title":{"rendered":"Champagne Ar Lenoble Ros\u00e9"},"content":{"rendered":"<p>Valor nutricional por 100 gramas:<\/p>\n<p>Calorias &#8211; 245 kcal, Gordura &#8211; 15.4 gr, Dos quais Saturados &#8211; 3.7 gr, Hidratos de Carbono &#8211; 1.7 gr, Dos quais A\u00e7\u00facares &#8211; 0 gr, Prote\u00ednas &#8211; 24.8 gr, Sal &#8211; 3.1 gr<\/p>\n<p>&nbsp;<\/p>\n","protected":false},"excerpt":{"rendered":"<p><em>Colheita de 2014.<\/em><\/p>\n<p><em>Notas Gourmet de Frutos Vermelhos.<\/em><\/p>\n<p><em>750ml. Servir a uma temperatura entre 10\u00baC &#8211; 11\u00baC<\/em><\/p>\n","protected":false},"featured_media":940,"comment_status":"open","ping_status":"closed","template":"","meta":{"_acf_changed":false},"product_brand":[],"product_cat":[112,148],"product_tag":[113,107,114],"giftcard-category":[],"class_list":{"0":"post-939","1":"product","2":"type-product","3":"status-publish","4":"has-post-thumbnail","6":"product_cat-champagnes","7":"product_cat-liquidos","8":"product_tag-ar-lenoble","9":"product_tag-champagne","10":"product_tag-rose","12":"first","13":"instock","14":"shipping-taxable","15":"purchasable","16":"product-type-simple"},"acf":[],"aioseo_notices":[],"_links":{"self":[{"href":"https:\/\/florbela.com.pt\/en\/wp-json\/wp\/v2\/product\/939","targetHints":{"allow":["GET"]}}],"collection":[{"href":"https:\/\/florbela.com.pt\/en\/wp-json\/wp\/v2\/product"}],"about":[{"href":"https:\/\/florbela.com.pt\/en\/wp-json\/wp\/v2\/types\/product"}],"replies":[{"embeddable":true,"href":"https:\/\/florbela.com.pt\/en\/wp-json\/wp\/v2\/comments?post=939"}],"wp:featuredmedia":[{"embeddable":true,"href":"https:\/\/florbela.com.pt\/en\/wp-json\/wp\/v2\/media\/940"}],"wp:attachment":[{"href":"https:\/\/florbela.com.pt\/en\/wp-json\/wp\/v2\/media?parent=939"}],"wp:term":[{"taxonomy":"product_brand","embeddable":true,"href":"https:\/\/florbela.com.pt\/en\/wp-json\/wp\/v2\/product_brand?post=939"},{"taxonomy":"product_cat","embeddable":true,"href":"https:\/\/florbela.com.pt\/en\/wp-json\/wp\/v2\/product_cat?post=939"},{"taxonomy":"product_tag","embeddable":true,"href":"https:\/\/florbela.com.pt\/en\/wp-json\/wp\/v2\/product_tag?post=939"},{"taxonomy":"giftcard-category","embeddable":true,"href":"https:\/\/florbela.com.pt\/en\/wp-json\/wp\/v2\/giftcard-category?post=939"}],"curies":[{"name":"wp","href":"https:\/\/api.w.org\/{rel}","templated":true}]}}