{"id":875,"date":"2024-07-20T16:29:05","date_gmt":"2024-07-20T16:29:05","guid":{"rendered":"https:\/\/florbela.com.pt\/?post_type=product&#038;p=875"},"modified":"2024-07-31T10:24:22","modified_gmt":"2024-07-31T10:24:22","slug":"vela-de-aniversario","status":"publish","type":"product","link":"https:\/\/florbela.com.pt\/en\/shop\/vela-de-aniversario\/","title":{"rendered":"Vela de Anivers\u00e1rio"},"content":{"rendered":"","protected":false},"excerpt":{"rendered":"<p><em>Pre\u00e7o unit\u00e1rio<\/em><\/p>\n","protected":false},"featured_media":1122,"comment_status":"open","ping_status":"closed","template":"","meta":{"_acf_changed":false},"product_brand":[],"product_cat":[75],"product_tag":[79,80],"giftcard-category":[],"class_list":{"0":"post-875","1":"product","2":"type-product","3":"status-publish","4":"has-post-thumbnail","6":"product_cat-especiais","7":"product_tag-aniversario","8":"product_tag-vela","10":"first","11":"instock","12":"shipping-taxable","13":"purchasable","14":"product-type-simple"},"acf":[],"aioseo_notices":[],"_links":{"self":[{"href":"https:\/\/florbela.com.pt\/en\/wp-json\/wp\/v2\/product\/875","targetHints":{"allow":["GET"]}}],"collection":[{"href":"https:\/\/florbela.com.pt\/en\/wp-json\/wp\/v2\/product"}],"about":[{"href":"https:\/\/florbela.com.pt\/en\/wp-json\/wp\/v2\/types\/product"}],"replies":[{"embeddable":true,"href":"https:\/\/florbela.com.pt\/en\/wp-json\/wp\/v2\/comments?post=875"}],"wp:featuredmedia":[{"embeddable":true,"href":"https:\/\/florbela.com.pt\/en\/wp-json\/wp\/v2\/media\/1122"}],"wp:attachment":[{"href":"https:\/\/florbela.com.pt\/en\/wp-json\/wp\/v2\/media?parent=875"}],"wp:term":[{"taxonomy":"product_brand","embeddable":true,"href":"https:\/\/florbela.com.pt\/en\/wp-json\/wp\/v2\/product_brand?post=875"},{"taxonomy":"product_cat","embeddable":true,"href":"https:\/\/florbela.com.pt\/en\/wp-json\/wp\/v2\/product_cat?post=875"},{"taxonomy":"product_tag","embeddable":true,"href":"https:\/\/florbela.com.pt\/en\/wp-json\/wp\/v2\/product_tag?post=875"},{"taxonomy":"giftcard-category","embeddable":true,"href":"https:\/\/florbela.com.pt\/en\/wp-json\/wp\/v2\/giftcard-category?post=875"}],"curies":[{"name":"wp","href":"https:\/\/api.w.org\/{rel}","templated":true}]}}