{"id":809,"date":"2024-07-18T13:41:49","date_gmt":"2024-07-18T13:41:49","guid":{"rendered":"https:\/\/florbela.com.pt\/?post_type=product&#038;p=809"},"modified":"2024-10-15T16:05:14","modified_gmt":"2024-10-15T16:05:14","slug":"voucher-black-pavilion","status":"publish","type":"product","link":"https:\/\/florbela.com.pt\/en\/loja\/voucher-black-pavilion\/","title":{"rendered":"Voucher Black Pavilion"},"content":{"rendered":"","protected":false},"excerpt":{"rendered":"<ul>\n<li>Este voucher poder\u00e1 ser utilizado nos servi\u00e7os acima indicados para uma \u00fanica utiliza\u00e7\u00e3o;<\/li>\n<li>A utiliza\u00e7\u00e3o deste voucher est\u00e1 sujeita \u00e0 disponibilidade e confirma\u00e7\u00e3o de reserva;<\/li>\n<li>Este voucher n\u00e3o \u00e9 reembols\u00e1vel e n\u00e3o ser\u00e1 efetuado qualquer reembolso de valor n\u00e3o utilizado;<\/li>\n<li>O Voucher n\u00e3o \u00e9 aplic\u00e1vel a datas festivas.<\/li>\n<\/ul>\n","protected":false},"featured_media":1102,"comment_status":"open","ping_status":"closed","template":"","meta":{"_acf_changed":false},"product_brand":[],"product_cat":[38],"product_tag":[],"giftcard-category":[],"class_list":{"0":"post-809","1":"product","2":"type-product","3":"status-publish","4":"has-post-thumbnail","6":"product_cat-vouchers","8":"first","9":"instock","10":"shipping-taxable","11":"purchasable","12":"product-type-variable"},"acf":[],"aioseo_notices":[],"_links":{"self":[{"href":"https:\/\/florbela.com.pt\/en\/wp-json\/wp\/v2\/product\/809","targetHints":{"allow":["GET"]}}],"collection":[{"href":"https:\/\/florbela.com.pt\/en\/wp-json\/wp\/v2\/product"}],"about":[{"href":"https:\/\/florbela.com.pt\/en\/wp-json\/wp\/v2\/types\/product"}],"replies":[{"embeddable":true,"href":"https:\/\/florbela.com.pt\/en\/wp-json\/wp\/v2\/comments?post=809"}],"wp:featuredmedia":[{"embeddable":true,"href":"https:\/\/florbela.com.pt\/en\/wp-json\/wp\/v2\/media\/1102"}],"wp:attachment":[{"href":"https:\/\/florbela.com.pt\/en\/wp-json\/wp\/v2\/media?parent=809"}],"wp:term":[{"taxonomy":"product_brand","embeddable":true,"href":"https:\/\/florbela.com.pt\/en\/wp-json\/wp\/v2\/product_brand?post=809"},{"taxonomy":"product_cat","embeddable":true,"href":"https:\/\/florbela.com.pt\/en\/wp-json\/wp\/v2\/product_cat?post=809"},{"taxonomy":"product_tag","embeddable":true,"href":"https:\/\/florbela.com.pt\/en\/wp-json\/wp\/v2\/product_tag?post=809"},{"taxonomy":"giftcard-category","embeddable":true,"href":"https:\/\/florbela.com.pt\/en\/wp-json\/wp\/v2\/giftcard-category?post=809"}],"curies":[{"name":"wp","href":"https:\/\/api.w.org\/{rel}","templated":true}]}}