{"id":792,"date":"2024-07-17T13:50:12","date_gmt":"2024-07-17T13:50:12","guid":{"rendered":"https:\/\/florbela.com.pt\/?post_type=product&#038;p=792"},"modified":"2025-12-03T14:59:02","modified_gmt":"2025-12-03T14:59:02","slug":"mel-pequeno","status":"publish","type":"product","link":"https:\/\/florbela.com.pt\/en\/shop\/mel-pequeno\/","title":{"rendered":"Mel Pequeno"},"content":{"rendered":"","protected":false},"excerpt":{"rendered":"<p class=\"has-nv-site-bg-color has-text-color wp-block-heading\"><strong>Produtor: Be Free Bio<\/strong><\/p>\n<p class=\"has-nv-site-bg-color has-text-color wp-block-heading\">Mel org\u00e2nico origin\u00e1rio da reserva natural de uma regi\u00e3o DOP de Portugal \u2013 Serra D\u2019Aire e Candeeiros.<\/p>\n","protected":false},"featured_media":1023,"comment_status":"open","ping_status":"closed","template":"","meta":{"_acf_changed":false},"product_brand":[],"product_cat":[75],"product_tag":[142,68],"giftcard-category":[],"class_list":{"0":"post-792","1":"product","2":"type-product","3":"status-publish","4":"has-post-thumbnail","6":"product_cat-especiais","7":"product_tag-be-free-bio","8":"product_tag-mel","10":"first","11":"instock","12":"shipping-taxable","13":"purchasable","14":"product-type-simple"},"acf":[],"aioseo_notices":[],"_links":{"self":[{"href":"https:\/\/florbela.com.pt\/en\/wp-json\/wp\/v2\/product\/792","targetHints":{"allow":["GET"]}}],"collection":[{"href":"https:\/\/florbela.com.pt\/en\/wp-json\/wp\/v2\/product"}],"about":[{"href":"https:\/\/florbela.com.pt\/en\/wp-json\/wp\/v2\/types\/product"}],"replies":[{"embeddable":true,"href":"https:\/\/florbela.com.pt\/en\/wp-json\/wp\/v2\/comments?post=792"}],"wp:featuredmedia":[{"embeddable":true,"href":"https:\/\/florbela.com.pt\/en\/wp-json\/wp\/v2\/media\/1023"}],"wp:attachment":[{"href":"https:\/\/florbela.com.pt\/en\/wp-json\/wp\/v2\/media?parent=792"}],"wp:term":[{"taxonomy":"product_brand","embeddable":true,"href":"https:\/\/florbela.com.pt\/en\/wp-json\/wp\/v2\/product_brand?post=792"},{"taxonomy":"product_cat","embeddable":true,"href":"https:\/\/florbela.com.pt\/en\/wp-json\/wp\/v2\/product_cat?post=792"},{"taxonomy":"product_tag","embeddable":true,"href":"https:\/\/florbela.com.pt\/en\/wp-json\/wp\/v2\/product_tag?post=792"},{"taxonomy":"giftcard-category","embeddable":true,"href":"https:\/\/florbela.com.pt\/en\/wp-json\/wp\/v2\/giftcard-category?post=792"}],"curies":[{"name":"wp","href":"https:\/\/api.w.org\/{rel}","templated":true}]}}