{"id":784,"date":"2024-07-16T16:21:32","date_gmt":"2024-07-16T16:21:32","guid":{"rendered":"https:\/\/florbela.com.pt\/?post_type=product&#038;p=784"},"modified":"2024-07-26T13:39:56","modified_gmt":"2024-07-26T13:39:56","slug":"compota-torel-boutiques-laranja","status":"publish","type":"product","link":"https:\/\/florbela.com.pt\/en\/shop\/compota-torel-boutiques-laranja\/","title":{"rendered":"Compota Torel Boutiques &#8211; Laranja"},"content":{"rendered":"<p>Valores Nutricionais:<\/p>\n<p>Valor Energ\u00e9tico (Kj \/ Kcal) \u2013 947 kj \/ 226 kcal, L\u00edpidos (g) &#8211; 0.13, Dos quais Saturados (g): 0, Hidratos de Carbono (g): 55, Dos quais A\u00e7\u00facares (g): 40, Fibras Alimentares (g): 1.17, Prote\u00ednas (g): 0.7, Sal (g): 0<\/p>\n","protected":false},"excerpt":{"rendered":"<p><strong>Compota by Casa da Prisca<\/strong><\/p>\n<p><em>250g. Produto 100% natural. Conservar em local seco e fresco.<\/em><\/p>\n","protected":false},"featured_media":866,"comment_status":"open","ping_status":"closed","template":"","meta":{"_acf_changed":false},"product_brand":[],"product_cat":[54],"product_tag":[74,55,63,73],"giftcard-category":[],"class_list":{"0":"post-784","1":"product","2":"type-product","3":"status-publish","4":"has-post-thumbnail","6":"product_cat-compotas","7":"product_tag-casa-da-prisca","8":"product_tag-compota","9":"product_tag-laranja","10":"product_tag-torel-boutiques","12":"first","13":"instock","14":"shipping-taxable","15":"purchasable","16":"product-type-simple"},"acf":[],"aioseo_notices":[],"_links":{"self":[{"href":"https:\/\/florbela.com.pt\/en\/wp-json\/wp\/v2\/product\/784","targetHints":{"allow":["GET"]}}],"collection":[{"href":"https:\/\/florbela.com.pt\/en\/wp-json\/wp\/v2\/product"}],"about":[{"href":"https:\/\/florbela.com.pt\/en\/wp-json\/wp\/v2\/types\/product"}],"replies":[{"embeddable":true,"href":"https:\/\/florbela.com.pt\/en\/wp-json\/wp\/v2\/comments?post=784"}],"wp:featuredmedia":[{"embeddable":true,"href":"https:\/\/florbela.com.pt\/en\/wp-json\/wp\/v2\/media\/866"}],"wp:attachment":[{"href":"https:\/\/florbela.com.pt\/en\/wp-json\/wp\/v2\/media?parent=784"}],"wp:term":[{"taxonomy":"product_brand","embeddable":true,"href":"https:\/\/florbela.com.pt\/en\/wp-json\/wp\/v2\/product_brand?post=784"},{"taxonomy":"product_cat","embeddable":true,"href":"https:\/\/florbela.com.pt\/en\/wp-json\/wp\/v2\/product_cat?post=784"},{"taxonomy":"product_tag","embeddable":true,"href":"https:\/\/florbela.com.pt\/en\/wp-json\/wp\/v2\/product_tag?post=784"},{"taxonomy":"giftcard-category","embeddable":true,"href":"https:\/\/florbela.com.pt\/en\/wp-json\/wp\/v2\/giftcard-category?post=784"}],"curies":[{"name":"wp","href":"https:\/\/api.w.org\/{rel}","templated":true}]}}