{"id":782,"date":"2024-07-16T16:15:38","date_gmt":"2024-07-16T16:15:38","guid":{"rendered":"https:\/\/florbela.com.pt\/?post_type=product&#038;p=782"},"modified":"2024-07-26T13:36:40","modified_gmt":"2024-07-26T13:36:40","slug":"compota-torel-boutiques-figo","status":"publish","type":"product","link":"https:\/\/florbela.com.pt\/en\/shop\/compota-torel-boutiques-figo\/","title":{"rendered":"Compota Torel Boutiques &#8211; Figo"},"content":{"rendered":"<p>Valores Nutricionais:<\/p>\n<p>Valor Energ\u00e9tico (Kj \/ Kcal) \u2013 955 kj \/ 228 kcal, L\u00edpidos (g) &#8211; 3, Dos quais Saturados (g): 0.1, Hidratos de Carbono (g): 55, Dos quais A\u00e7\u00facares (g): 45, Fibras Alimentares (g): 1.5, Prote\u00ednas (g): 0.6, Sal (g): 0<\/p>\n","protected":false},"excerpt":{"rendered":"<p><strong>Compota by Casa da Prisca<\/strong><\/p>\n<p><em>250g. Produto 100% natural. Conservar em local seco e fresco.<\/em><\/p>\n","protected":false},"featured_media":860,"comment_status":"open","ping_status":"closed","template":"","meta":{"_acf_changed":false},"product_brand":[],"product_cat":[54],"product_tag":[74,55,61,73],"giftcard-category":[],"class_list":{"0":"post-782","1":"product","2":"type-product","3":"status-publish","4":"has-post-thumbnail","6":"product_cat-compotas","7":"product_tag-casa-da-prisca","8":"product_tag-compota","9":"product_tag-figo","10":"product_tag-torel-boutiques","12":"first","13":"instock","14":"shipping-taxable","15":"purchasable","16":"product-type-simple"},"acf":[],"aioseo_notices":[],"_links":{"self":[{"href":"https:\/\/florbela.com.pt\/en\/wp-json\/wp\/v2\/product\/782","targetHints":{"allow":["GET"]}}],"collection":[{"href":"https:\/\/florbela.com.pt\/en\/wp-json\/wp\/v2\/product"}],"about":[{"href":"https:\/\/florbela.com.pt\/en\/wp-json\/wp\/v2\/types\/product"}],"replies":[{"embeddable":true,"href":"https:\/\/florbela.com.pt\/en\/wp-json\/wp\/v2\/comments?post=782"}],"wp:featuredmedia":[{"embeddable":true,"href":"https:\/\/florbela.com.pt\/en\/wp-json\/wp\/v2\/media\/860"}],"wp:attachment":[{"href":"https:\/\/florbela.com.pt\/en\/wp-json\/wp\/v2\/media?parent=782"}],"wp:term":[{"taxonomy":"product_brand","embeddable":true,"href":"https:\/\/florbela.com.pt\/en\/wp-json\/wp\/v2\/product_brand?post=782"},{"taxonomy":"product_cat","embeddable":true,"href":"https:\/\/florbela.com.pt\/en\/wp-json\/wp\/v2\/product_cat?post=782"},{"taxonomy":"product_tag","embeddable":true,"href":"https:\/\/florbela.com.pt\/en\/wp-json\/wp\/v2\/product_tag?post=782"},{"taxonomy":"giftcard-category","embeddable":true,"href":"https:\/\/florbela.com.pt\/en\/wp-json\/wp\/v2\/giftcard-category?post=782"}],"curies":[{"name":"wp","href":"https:\/\/api.w.org\/{rel}","templated":true}]}}