{"id":780,"date":"2024-07-16T16:00:28","date_gmt":"2024-07-16T16:00:28","guid":{"rendered":"https:\/\/florbela.com.pt\/?post_type=product&#038;p=780"},"modified":"2024-08-09T12:12:32","modified_gmt":"2024-08-09T12:12:32","slug":"azeite-extra-virgem-herdade-grande","status":"publish","type":"product","link":"https:\/\/florbela.com.pt\/en\/shop\/azeite-extra-virgem-herdade-grande\/","title":{"rendered":"Azeite Extra Virgem Herdade Grande"},"content":{"rendered":"<p>Valores Nutricionais (por 100ml):<\/p>\n<p>Valor Energ\u00e9tico (Kj \/ Kcal) \u2013 342 kj \/ 821 kcal, L\u00edpidos (g) &#8211; 91.2, Dos quais Saturados (g): 13.1, Hidratos de Carbono (g): 0, Dos quais A\u00e7\u00facares (g): 0, Prote\u00edna (g): 0, Sal (g): 0<\/p>\n","protected":false},"excerpt":{"rendered":"<p><em>Azeite Virgem Extra do Alentejo, obtido unicamente por processos mec\u00e2nicos.<\/em><\/p>\n<p><i>500ml<\/i><\/p>\n<p><em>O produto deve ser mantido ao abrigo da luz e calor.<\/em><\/p>\n","protected":false},"featured_media":868,"comment_status":"open","ping_status":"closed","template":"","meta":{"_acf_changed":false},"product_brand":[],"product_cat":[75,148],"product_tag":[57,59,58],"giftcard-category":[],"class_list":{"0":"post-780","1":"product","2":"type-product","3":"status-publish","4":"has-post-thumbnail","6":"product_cat-especiais","7":"product_cat-liquidos","8":"product_tag-azeite","9":"product_tag-herdade-grande","10":"product_tag-virgem-extra","12":"first","13":"instock","14":"shipping-taxable","15":"purchasable","16":"product-type-simple"},"acf":[],"aioseo_notices":[],"_links":{"self":[{"href":"https:\/\/florbela.com.pt\/en\/wp-json\/wp\/v2\/product\/780","targetHints":{"allow":["GET"]}}],"collection":[{"href":"https:\/\/florbela.com.pt\/en\/wp-json\/wp\/v2\/product"}],"about":[{"href":"https:\/\/florbela.com.pt\/en\/wp-json\/wp\/v2\/types\/product"}],"replies":[{"embeddable":true,"href":"https:\/\/florbela.com.pt\/en\/wp-json\/wp\/v2\/comments?post=780"}],"wp:featuredmedia":[{"embeddable":true,"href":"https:\/\/florbela.com.pt\/en\/wp-json\/wp\/v2\/media\/868"}],"wp:attachment":[{"href":"https:\/\/florbela.com.pt\/en\/wp-json\/wp\/v2\/media?parent=780"}],"wp:term":[{"taxonomy":"product_brand","embeddable":true,"href":"https:\/\/florbela.com.pt\/en\/wp-json\/wp\/v2\/product_brand?post=780"},{"taxonomy":"product_cat","embeddable":true,"href":"https:\/\/florbela.com.pt\/en\/wp-json\/wp\/v2\/product_cat?post=780"},{"taxonomy":"product_tag","embeddable":true,"href":"https:\/\/florbela.com.pt\/en\/wp-json\/wp\/v2\/product_tag?post=780"},{"taxonomy":"giftcard-category","embeddable":true,"href":"https:\/\/florbela.com.pt\/en\/wp-json\/wp\/v2\/giftcard-category?post=780"}],"curies":[{"name":"wp","href":"https:\/\/api.w.org\/{rel}","templated":true}]}}