{"id":777,"date":"2024-07-16T15:19:24","date_gmt":"2024-07-16T15:19:24","guid":{"rendered":"https:\/\/florbela.com.pt\/?post_type=product&#038;p=777"},"modified":"2024-07-26T13:41:04","modified_gmt":"2024-07-26T13:41:04","slug":"tablete-chocolate-82-blend-amelonado-e-trinitario","status":"publish","type":"product","link":"https:\/\/florbela.com.pt\/en\/shop\/tablete-chocolate-82-blend-amelonado-e-trinitario\/","title":{"rendered":"Tablete Chocolate 82% Blend Amelonado e Trinit\u00e1rio"},"content":{"rendered":"<p>Valores Nutricionais (100 gr\/ml):<\/p>\n<p>Valor Energ\u00e9tico \u2013\u00a0 609 kcal, Gordura Total \u2013 49 gr, Gordura Saturada \u2013\u00a0 30 gr, Total carboidratos \u2013\u00a0 35 gr, Fibras \u2013 10.9 gr, Magn\u00e9sio \u2013 197 mg, Pot\u00e1ssio \u2013\u00a0 614 mg, C\u00e1lcio &#8211; 57 mg, Ferro \u2013\u00a0 7.3 mg, Colesterol \u2013 2 mg, A\u00e7\u00facar \u2013 20 gr, Prote\u00ednas \u2013 9.3 gr, Sal \u2013 Vest\u00edgios, Vitamina D &#8211; Vest\u00edgios<\/p>\n","protected":false},"excerpt":{"rendered":"<p><strong>Chocolates Diogo Vaz<\/strong><\/p>\n<p>Massa de Cacau, Manteiga de Cacau, A\u00e7\u00facar e Emulsificante (Lecitina de soja).<\/p>\n<p>&nbsp;<\/p>\n<p><em>Produ\u00e7\u00e3o de Agricultura Biol\u00f3gica.<\/em><\/p>\n<p><em>Chocolate com aromas a Alca\u00e7uz, Especiarias e Madeira.<\/em><\/p>\n","protected":false},"featured_media":837,"comment_status":"open","ping_status":"closed","template":"","meta":{"_acf_changed":false},"product_brand":[],"product_cat":[31],"product_tag":[33,72,71],"giftcard-category":[],"class_list":{"0":"post-777","1":"product","2":"type-product","3":"status-publish","4":"has-post-thumbnail","6":"product_cat-chocolates","7":"product_tag-chocolate","8":"product_tag-chocolate-82","9":"product_tag-diogo-vaz","11":"first","12":"instock","13":"shipping-taxable","14":"purchasable","15":"product-type-simple"},"acf":[],"aioseo_notices":[],"_links":{"self":[{"href":"https:\/\/florbela.com.pt\/en\/wp-json\/wp\/v2\/product\/777","targetHints":{"allow":["GET"]}}],"collection":[{"href":"https:\/\/florbela.com.pt\/en\/wp-json\/wp\/v2\/product"}],"about":[{"href":"https:\/\/florbela.com.pt\/en\/wp-json\/wp\/v2\/types\/product"}],"replies":[{"embeddable":true,"href":"https:\/\/florbela.com.pt\/en\/wp-json\/wp\/v2\/comments?post=777"}],"wp:featuredmedia":[{"embeddable":true,"href":"https:\/\/florbela.com.pt\/en\/wp-json\/wp\/v2\/media\/837"}],"wp:attachment":[{"href":"https:\/\/florbela.com.pt\/en\/wp-json\/wp\/v2\/media?parent=777"}],"wp:term":[{"taxonomy":"product_brand","embeddable":true,"href":"https:\/\/florbela.com.pt\/en\/wp-json\/wp\/v2\/product_brand?post=777"},{"taxonomy":"product_cat","embeddable":true,"href":"https:\/\/florbela.com.pt\/en\/wp-json\/wp\/v2\/product_cat?post=777"},{"taxonomy":"product_tag","embeddable":true,"href":"https:\/\/florbela.com.pt\/en\/wp-json\/wp\/v2\/product_tag?post=777"},{"taxonomy":"giftcard-category","embeddable":true,"href":"https:\/\/florbela.com.pt\/en\/wp-json\/wp\/v2\/giftcard-category?post=777"}],"curies":[{"name":"wp","href":"https:\/\/api.w.org\/{rel}","templated":true}]}}