{"id":769,"date":"2024-07-16T13:58:26","date_gmt":"2024-07-16T13:58:26","guid":{"rendered":"https:\/\/florbela.com.pt\/?post_type=product&#038;p=769"},"modified":"2025-12-03T14:58:51","modified_gmt":"2025-12-03T14:58:51","slug":"tablete-chocolate-70-unroasted-amelonado","status":"publish","type":"product","link":"https:\/\/florbela.com.pt\/en\/shop\/tablete-chocolate-70-unroasted-amelonado\/","title":{"rendered":"Tablete Chocolate 70% Unroasted Amelonado"},"content":{"rendered":"<p>Valores Nutricionais (100 gr\/ml):<\/p>\n<p>Valor Energ\u00e9tico \u2013 578 kcal, Gordura Total \u2013 42 gr , Gordura Saturada \u2013 27 gr, Total carboidratos \u2013 35 gr, Fibras \u2013 8.6 gr, Magn\u00e9sio \u2013 193 mg, Pot\u00e1ssio \u2013 646 mg, C\u00e1lcio &#8211; 57.3 mg, Ferro &#8211; 5 mg, Colesterol &#8211; 1.6 mg, A\u00e7\u00facar \u2013 34 gr, Prote\u00ednas \u2013 8.9 gr, Sal \u2013 Vest\u00edgios, Vitamina D &#8211;\u00a0Vest\u00edgios<\/p>\n","protected":false},"excerpt":{"rendered":"<p><strong>Chocolates Diogo Vaz<\/strong><\/p>\n<p>Massa de Cacau, Manteiga de Cacau, A\u00e7\u00facar e Emulsificante (Lecitina de soja).<\/p>\n<p>&nbsp;<\/p>\n<p><em>Produ\u00e7\u00e3o de Agricultura Biol\u00f3gica.<\/em><\/p>\n<p><em>Chocolate com notas de Hortel\u00e3-pimenta, Am\u00eandoas e Especiarias.<\/em><\/p>\n","protected":false},"featured_media":844,"comment_status":"open","ping_status":"closed","template":"","meta":{"_acf_changed":false},"product_brand":[],"product_cat":[31],"product_tag":[33,52,71],"giftcard-category":[],"class_list":{"0":"post-769","1":"product","2":"type-product","3":"status-publish","4":"has-post-thumbnail","6":"product_cat-chocolates","7":"product_tag-chocolate","8":"product_tag-chocolate-70","9":"product_tag-diogo-vaz","11":"first","12":"instock","13":"shipping-taxable","14":"purchasable","15":"product-type-simple"},"acf":[],"aioseo_notices":[],"_links":{"self":[{"href":"https:\/\/florbela.com.pt\/en\/wp-json\/wp\/v2\/product\/769","targetHints":{"allow":["GET"]}}],"collection":[{"href":"https:\/\/florbela.com.pt\/en\/wp-json\/wp\/v2\/product"}],"about":[{"href":"https:\/\/florbela.com.pt\/en\/wp-json\/wp\/v2\/types\/product"}],"replies":[{"embeddable":true,"href":"https:\/\/florbela.com.pt\/en\/wp-json\/wp\/v2\/comments?post=769"}],"wp:featuredmedia":[{"embeddable":true,"href":"https:\/\/florbela.com.pt\/en\/wp-json\/wp\/v2\/media\/844"}],"wp:attachment":[{"href":"https:\/\/florbela.com.pt\/en\/wp-json\/wp\/v2\/media?parent=769"}],"wp:term":[{"taxonomy":"product_brand","embeddable":true,"href":"https:\/\/florbela.com.pt\/en\/wp-json\/wp\/v2\/product_brand?post=769"},{"taxonomy":"product_cat","embeddable":true,"href":"https:\/\/florbela.com.pt\/en\/wp-json\/wp\/v2\/product_cat?post=769"},{"taxonomy":"product_tag","embeddable":true,"href":"https:\/\/florbela.com.pt\/en\/wp-json\/wp\/v2\/product_tag?post=769"},{"taxonomy":"giftcard-category","embeddable":true,"href":"https:\/\/florbela.com.pt\/en\/wp-json\/wp\/v2\/giftcard-category?post=769"}],"curies":[{"name":"wp","href":"https:\/\/api.w.org\/{rel}","templated":true}]}}