{"id":768,"date":"2024-07-16T13:49:40","date_gmt":"2024-07-16T13:49:40","guid":{"rendered":"https:\/\/florbela.com.pt\/?post_type=product&#038;p=768"},"modified":"2024-07-26T13:41:32","modified_gmt":"2024-07-26T13:41:32","slug":"tablete-chocolate-75-amelonado","status":"publish","type":"product","link":"https:\/\/florbela.com.pt\/en\/shop\/tablete-chocolate-75-amelonado\/","title":{"rendered":"Tablete Chocolate 75% Amelonado"},"content":{"rendered":"<p>Valores Nutricionais (100 gr\/ml):<\/p>\n<p>Valor Energ\u00e9tico \u2013 594 kcal, Gordura Total \u2013 45 gr, Gordura Saturada \u2013 29 gr, Total Carboidratos \u2013 33 gr, Fibras \u2013 9.7 gr, Magn\u00e9sio \u2013 198 mg, Pot\u00e1ssio \u2013 648 mg, C\u00e1lcio \u2013 59.3 mg, Ferro \u2013 4.9 mg, Colesterol \u20131.6 mg, A\u00e7\u00facar \u2013 30 gr, Prote\u00ednas \u2013 9.3 gr, Sal \u2013 Vest\u00edgios, Vitamina D &#8211; Vest\u00edgios<\/p>\n","protected":false},"excerpt":{"rendered":"<p><strong>Chocolates Diogo Vaz<\/strong><\/p>\n<p>Massa de Cacau, Manteiga de Cacau, A\u00e7\u00facar e Emulsificante (Lecitina de soja).<\/p>\n<p>&nbsp;<\/p>\n<p><em>Produ\u00e7\u00e3o de Agricultura Biol\u00f3gica.<\/em><\/p>\n<p><em>Nomeada como &#8220;Melhor Tablete do Mundo 2016 (Salon du Chocolat \u00e0 Paris)&#8221;<\/em><\/p>\n<p><em>Chocolate com notas de Avel\u00e3, Am\u00eandoa e Toranja.<\/em><\/p>\n","protected":false},"featured_media":841,"comment_status":"open","ping_status":"closed","template":"","meta":{"_acf_changed":false},"product_brand":[],"product_cat":[31],"product_tag":[33,53,71],"giftcard-category":[],"class_list":{"0":"post-768","1":"product","2":"type-product","3":"status-publish","4":"has-post-thumbnail","6":"product_cat-chocolates","7":"product_tag-chocolate","8":"product_tag-chocolate-75","9":"product_tag-diogo-vaz","11":"first","12":"instock","13":"shipping-taxable","14":"purchasable","15":"product-type-simple"},"acf":[],"aioseo_notices":[],"_links":{"self":[{"href":"https:\/\/florbela.com.pt\/en\/wp-json\/wp\/v2\/product\/768","targetHints":{"allow":["GET"]}}],"collection":[{"href":"https:\/\/florbela.com.pt\/en\/wp-json\/wp\/v2\/product"}],"about":[{"href":"https:\/\/florbela.com.pt\/en\/wp-json\/wp\/v2\/types\/product"}],"replies":[{"embeddable":true,"href":"https:\/\/florbela.com.pt\/en\/wp-json\/wp\/v2\/comments?post=768"}],"wp:featuredmedia":[{"embeddable":true,"href":"https:\/\/florbela.com.pt\/en\/wp-json\/wp\/v2\/media\/841"}],"wp:attachment":[{"href":"https:\/\/florbela.com.pt\/en\/wp-json\/wp\/v2\/media?parent=768"}],"wp:term":[{"taxonomy":"product_brand","embeddable":true,"href":"https:\/\/florbela.com.pt\/en\/wp-json\/wp\/v2\/product_brand?post=768"},{"taxonomy":"product_cat","embeddable":true,"href":"https:\/\/florbela.com.pt\/en\/wp-json\/wp\/v2\/product_cat?post=768"},{"taxonomy":"product_tag","embeddable":true,"href":"https:\/\/florbela.com.pt\/en\/wp-json\/wp\/v2\/product_tag?post=768"},{"taxonomy":"giftcard-category","embeddable":true,"href":"https:\/\/florbela.com.pt\/en\/wp-json\/wp\/v2\/giftcard-category?post=768"}],"curies":[{"name":"wp","href":"https:\/\/api.w.org\/{rel}","templated":true}]}}