{"id":459,"date":"2024-02-07T22:49:31","date_gmt":"2024-02-07T22:49:31","guid":{"rendered":"https:\/\/florbela.com.pt\/?post_type=product&#038;p=459"},"modified":"2024-07-26T13:42:23","modified_gmt":"2024-07-26T13:42:23","slug":"coffret-5-tabletes-chocolate","status":"publish","type":"product","link":"https:\/\/florbela.com.pt\/en\/shop\/coffret-5-tabletes-chocolate\/","title":{"rendered":"Coffret 5 Tabletes Chocolate"},"content":{"rendered":"<p>Valores Nutricionais (100 gr\/ml):<\/p>\n<p>Valor Energ\u00e9tico \u2013 583 kcal, Gordura Total \u2013 41 gr, Gordura Saturada \u2013 27 gr, Totais carboidratos \u2013 35 gr, Fibras \u2013 7,4 gr, Magn\u00e9sio \u2013 159 mg, Pot\u00e1ssio \u2013 526 mg, C\u00e1lcio \u2013 44.5 mg, Ferro \u2013 3.1 mg, Colesterol \u2013 1.6 mg, A\u00e7\u00facar \u2013 42 gr, Prote\u00ednas \u2013 7.4 gr, Sal \u2013 Vest\u00edgios, Vitamina D \u2013 Vest\u00edgios.<\/p>\n","protected":false},"excerpt":{"rendered":"<p><strong>Chocolates Diogo Vaz<\/strong><\/p>\n<p>Massa de Cacau, Manteiga de Cacau, A\u00e7\u00facar e Emulsificante (Lecitina de soja).<\/p>\n<p>Produ\u00e7\u00e3o de Agricultura Biol\u00f3gica.<\/p>\n<p>Caixa luxuosa com 5 tabletes de gama premium:<\/p>\n<ul>\n<li>75% Amelonado<\/li>\n<li>70% Unroasted Amelonado<\/li>\n<li>65% Amelonado<\/li>\n<li>75% Trinit\u00e1rio<\/li>\n<li>82% Blend Amelonado e Trinit\u00e1rio<\/li>\n<\/ul>\n","protected":false},"featured_media":460,"comment_status":"open","ping_status":"closed","template":"","meta":{"_acf_changed":false},"product_brand":[],"product_cat":[31],"product_tag":[33,51,53,72,71],"giftcard-category":[],"class_list":{"0":"post-459","1":"product","2":"type-product","3":"status-publish","4":"has-post-thumbnail","6":"product_cat-chocolates","7":"product_tag-chocolate","8":"product_tag-chocolate-65","9":"product_tag-chocolate-75","10":"product_tag-chocolate-82","11":"product_tag-diogo-vaz","13":"first","14":"instock","15":"shipping-taxable","16":"purchasable","17":"product-type-simple"},"acf":[],"aioseo_notices":[],"_links":{"self":[{"href":"https:\/\/florbela.com.pt\/en\/wp-json\/wp\/v2\/product\/459","targetHints":{"allow":["GET"]}}],"collection":[{"href":"https:\/\/florbela.com.pt\/en\/wp-json\/wp\/v2\/product"}],"about":[{"href":"https:\/\/florbela.com.pt\/en\/wp-json\/wp\/v2\/types\/product"}],"replies":[{"embeddable":true,"href":"https:\/\/florbela.com.pt\/en\/wp-json\/wp\/v2\/comments?post=459"}],"wp:featuredmedia":[{"embeddable":true,"href":"https:\/\/florbela.com.pt\/en\/wp-json\/wp\/v2\/media\/460"}],"wp:attachment":[{"href":"https:\/\/florbela.com.pt\/en\/wp-json\/wp\/v2\/media?parent=459"}],"wp:term":[{"taxonomy":"product_brand","embeddable":true,"href":"https:\/\/florbela.com.pt\/en\/wp-json\/wp\/v2\/product_brand?post=459"},{"taxonomy":"product_cat","embeddable":true,"href":"https:\/\/florbela.com.pt\/en\/wp-json\/wp\/v2\/product_cat?post=459"},{"taxonomy":"product_tag","embeddable":true,"href":"https:\/\/florbela.com.pt\/en\/wp-json\/wp\/v2\/product_tag?post=459"},{"taxonomy":"giftcard-category","embeddable":true,"href":"https:\/\/florbela.com.pt\/en\/wp-json\/wp\/v2\/giftcard-category?post=459"}],"curies":[{"name":"wp","href":"https:\/\/api.w.org\/{rel}","templated":true}]}}