{"id":2051,"date":"2025-12-24T15:44:54","date_gmt":"2025-12-24T15:44:54","guid":{"rendered":"https:\/\/florbela.com.pt\/?post_type=product&#038;p=2051"},"modified":"2026-01-13T13:11:35","modified_gmt":"2026-01-13T13:11:35","slug":"boganguinhas-de-cha-preto-com-bergamota-e-chocolate-negro","status":"publish","type":"product","link":"https:\/\/florbela.com.pt\/en\/shop\/boganguinhas-de-cha-preto-com-bergamota-e-chocolate-negro\/","title":{"rendered":"BOGANGUINHAS DE CH\u00c1 PRETO COM BERGAMOTA E CHOCOLATE NEGRO"},"content":{"rendered":"<p>&nbsp;<\/p>\n<p>&nbsp;<\/p>\n","protected":false},"excerpt":{"rendered":"<p>Feita com folhas de Ch\u00e1 Preto Pekoe da F\u00e1brica de Ch\u00e1 da Gorreana, aromatizadas com \u00f3leo essencial de bergamota da \u00cdndia.<\/p>\n","protected":false},"featured_media":2063,"comment_status":"open","ping_status":"closed","template":"","meta":{"_acf_changed":false},"product_brand":[],"product_cat":[160],"product_tag":[107,114,117],"giftcard-category":[],"class_list":{"0":"post-2051","1":"product","2":"type-product","3":"status-publish","4":"has-post-thumbnail","6":"product_cat-bolachas","7":"product_tag-champagne","8":"product_tag-rose","9":"product_tag-ruinart-brut","11":"first","12":"instock","13":"shipping-taxable","14":"purchasable","15":"product-type-simple"},"acf":[],"aioseo_notices":[],"_links":{"self":[{"href":"https:\/\/florbela.com.pt\/en\/wp-json\/wp\/v2\/product\/2051","targetHints":{"allow":["GET"]}}],"collection":[{"href":"https:\/\/florbela.com.pt\/en\/wp-json\/wp\/v2\/product"}],"about":[{"href":"https:\/\/florbela.com.pt\/en\/wp-json\/wp\/v2\/types\/product"}],"replies":[{"embeddable":true,"href":"https:\/\/florbela.com.pt\/en\/wp-json\/wp\/v2\/comments?post=2051"}],"wp:featuredmedia":[{"embeddable":true,"href":"https:\/\/florbela.com.pt\/en\/wp-json\/wp\/v2\/media\/2063"}],"wp:attachment":[{"href":"https:\/\/florbela.com.pt\/en\/wp-json\/wp\/v2\/media?parent=2051"}],"wp:term":[{"taxonomy":"product_brand","embeddable":true,"href":"https:\/\/florbela.com.pt\/en\/wp-json\/wp\/v2\/product_brand?post=2051"},{"taxonomy":"product_cat","embeddable":true,"href":"https:\/\/florbela.com.pt\/en\/wp-json\/wp\/v2\/product_cat?post=2051"},{"taxonomy":"product_tag","embeddable":true,"href":"https:\/\/florbela.com.pt\/en\/wp-json\/wp\/v2\/product_tag?post=2051"},{"taxonomy":"giftcard-category","embeddable":true,"href":"https:\/\/florbela.com.pt\/en\/wp-json\/wp\/v2\/giftcard-category?post=2051"}],"curies":[{"name":"wp","href":"https:\/\/api.w.org\/{rel}","templated":true}]}}