{"id":2050,"date":"2025-12-24T15:39:31","date_gmt":"2025-12-24T15:39:31","guid":{"rendered":"https:\/\/florbela.com.pt\/?post_type=product&#038;p=2050"},"modified":"2026-01-13T15:02:59","modified_gmt":"2026-01-13T15:02:59","slug":"boganguinhas-de-peojo-chocolate-branco-e-morangos","status":"publish","type":"product","link":"https:\/\/florbela.com.pt\/en\/shop\/boganguinhas-de-peojo-chocolate-branco-e-morangos\/","title":{"rendered":"BOGANGUINHAS DE POEJO, CHOCOLATE BRANCO E MORANGO"},"content":{"rendered":"<p>&nbsp;<\/p>\n<p>&nbsp;<\/p>\n","protected":false},"excerpt":{"rendered":"<p>Produzida com poejo arom\u00e1tico da Santa Casa da Miseric\u00f3rdia da Maia (Tr\u00eas Pontas), esta cookie combina o aroma intenso da erva com a suavidade do chocolate branco e o toque adocicado do morango.<\/p>\n","protected":false},"featured_media":2066,"comment_status":"open","ping_status":"closed","template":"","meta":{"_acf_changed":false},"product_brand":[],"product_cat":[160],"product_tag":[107,114,117],"giftcard-category":[],"class_list":{"0":"post-2050","1":"product","2":"type-product","3":"status-publish","4":"has-post-thumbnail","6":"product_cat-bolachas","7":"product_tag-champagne","8":"product_tag-rose","9":"product_tag-ruinart-brut","11":"first","12":"instock","13":"shipping-taxable","14":"purchasable","15":"product-type-simple"},"acf":[],"aioseo_notices":[],"_links":{"self":[{"href":"https:\/\/florbela.com.pt\/en\/wp-json\/wp\/v2\/product\/2050","targetHints":{"allow":["GET"]}}],"collection":[{"href":"https:\/\/florbela.com.pt\/en\/wp-json\/wp\/v2\/product"}],"about":[{"href":"https:\/\/florbela.com.pt\/en\/wp-json\/wp\/v2\/types\/product"}],"replies":[{"embeddable":true,"href":"https:\/\/florbela.com.pt\/en\/wp-json\/wp\/v2\/comments?post=2050"}],"wp:featuredmedia":[{"embeddable":true,"href":"https:\/\/florbela.com.pt\/en\/wp-json\/wp\/v2\/media\/2066"}],"wp:attachment":[{"href":"https:\/\/florbela.com.pt\/en\/wp-json\/wp\/v2\/media?parent=2050"}],"wp:term":[{"taxonomy":"product_brand","embeddable":true,"href":"https:\/\/florbela.com.pt\/en\/wp-json\/wp\/v2\/product_brand?post=2050"},{"taxonomy":"product_cat","embeddable":true,"href":"https:\/\/florbela.com.pt\/en\/wp-json\/wp\/v2\/product_cat?post=2050"},{"taxonomy":"product_tag","embeddable":true,"href":"https:\/\/florbela.com.pt\/en\/wp-json\/wp\/v2\/product_tag?post=2050"},{"taxonomy":"giftcard-category","embeddable":true,"href":"https:\/\/florbela.com.pt\/en\/wp-json\/wp\/v2\/giftcard-category?post=2050"}],"curies":[{"name":"wp","href":"https:\/\/api.w.org\/{rel}","templated":true}]}}