{"id":1455,"date":"2024-10-04T10:36:17","date_gmt":"2024-10-04T10:36:17","guid":{"rendered":"https:\/\/florbela.com.pt\/terms-and-conditions-policy\/"},"modified":"2024-10-04T12:14:27","modified_gmt":"2024-10-04T12:14:27","slug":"terms-and-conditions-policy","status":"publish","type":"page","link":"https:\/\/florbela.com.pt\/en\/terms-and-conditions-policy\/","title":{"rendered":"Terms and Conditions Policy"},"content":{"rendered":"\t\t<div data-elementor-type=\"wp-page\" data-elementor-id=\"1455\" class=\"elementor elementor-1455 elementor-1425\" data-elementor-post-type=\"page\">\n\t\t\t\t<div class=\"elementor-element elementor-element-220ec0a e-flex e-con-boxed e-con e-parent\" data-id=\"220ec0a\" data-element_type=\"container\" data-e-type=\"container\">\n\t\t\t\t\t<div class=\"e-con-inner\">\n\t\t\t\t<div class=\"elementor-element elementor-element-c7850a4 elementor-widget elementor-widget-heading\" data-id=\"c7850a4\" data-element_type=\"widget\" data-e-type=\"widget\" data-widget_type=\"heading.default\">\n\t\t\t\t<div class=\"elementor-widget-container\">\n\t\t\t\t\t<h2 class=\"elementor-heading-title elementor-size-default\">Terms and Conditions Policy<\/h2>\t\t\t\t<\/div>\n\t\t\t\t<\/div>\n\t\t\t\t<div class=\"elementor-element elementor-element-eef69e1 elementor-widget elementor-widget-text-editor\" data-id=\"eef69e1\" data-element_type=\"widget\" data-e-type=\"widget\" data-widget_type=\"text-editor.default\">\n\t\t\t\t<div class=\"elementor-widget-container\">\n\t\t\t\t\t\t\t\t\t<p data-renderer-start-pos=\"64\">Welcome to Florbela P\u00e2tisserie, these terms and conditions define the rules and regulations for the use of the Florbela P\u00e2tisserie website.<\/p> <p data-renderer-start-pos=\"64\">Florbela P\u00e2tisserie is located at Rua de Entreparedes n\u00ba42, 4000-198 Porto.<\/p> <p data-renderer-start-pos=\"64\">By accessing this site, we assume that you accept these terms and conditions in full.<\/p> <p data-renderer-start-pos=\"64\">Do not continue to use Florbela P\u00e2tisserie\u2019s website if you do not accept all the terms and services stated on this page.<\/p> <p data-renderer-start-pos=\"64\">The following terminology applies to these Terms and Conditions, Privacy Statement, and Disclaimer Notice, as well as to all Agreements: Client, You, and Your refer to you, the person accessing this website and accepting the Company&#8217;s terms and conditions. The Company, Ourselves, We, and Our refer to our Company. Florbela P\u00e2tisserie, Doulateral Lda, VAT number 514323400, with its headquarters at Rua C\u00e2mara Pestana, n\u00ba23, 1150-082 Lisbon, or We, refer either to the Client and ourselves, or just the Client or ourselves.<\/p> <p data-renderer-start-pos=\"64\">All terms refer to the offer, acceptance, and consideration of payment necessary to undertake the process of our assistance to the Client in the most appropriate manner, whether through formal meetings of a fixed duration, or any other means, for the express purpose of meeting the Client\u2019s needs in respect of the provision of the Company\u2019s services\/products, in accordance with and subject to prevailing law.<\/p> <p data-renderer-start-pos=\"64\">Any use of the above terminology or other words in the singular, plural, capitalization and\/or he\/she or they, are taken as interchangeable and therefore as referring to the same.<\/p> <p data-renderer-start-pos=\"2648\"><\/p>\t\t\t\t\t\t\t\t<\/div>\n\t\t\t\t<\/div>\n\t\t\t\t\t<\/div>\n\t\t\t\t<\/div>\n\t\t\t\t<\/div>\n\t\t","protected":false},"excerpt":{"rendered":"<p>Terms and Conditions Policy Welcome to Florbela P\u00e2tisserie, these terms and conditions define the rules and regulations for the use of the Florbela P\u00e2tisserie website. Florbela P\u00e2tisserie is located at Rua de Entreparedes n\u00ba42, 4000-198 Porto. By accessing this site, we assume that you accept these terms and conditions in full. Do not continue to [&hellip;]<\/p>\n","protected":false},"author":1,"featured_media":0,"parent":0,"menu_order":0,"comment_status":"closed","ping_status":"closed","template":"elementor_header_footer","meta":{"_acf_changed":false,"footnotes":""},"class_list":["post-1455","page","type-page","status-publish","hentry"],"acf":[],"aioseo_notices":[],"_links":{"self":[{"href":"https:\/\/florbela.com.pt\/en\/wp-json\/wp\/v2\/pages\/1455","targetHints":{"allow":["GET"]}}],"collection":[{"href":"https:\/\/florbela.com.pt\/en\/wp-json\/wp\/v2\/pages"}],"about":[{"href":"https:\/\/florbela.com.pt\/en\/wp-json\/wp\/v2\/types\/page"}],"author":[{"embeddable":true,"href":"https:\/\/florbela.com.pt\/en\/wp-json\/wp\/v2\/users\/1"}],"replies":[{"embeddable":true,"href":"https:\/\/florbela.com.pt\/en\/wp-json\/wp\/v2\/comments?post=1455"}],"version-history":[{"count":4,"href":"https:\/\/florbela.com.pt\/en\/wp-json\/wp\/v2\/pages\/1455\/revisions"}],"predecessor-version":[{"id":1459,"href":"https:\/\/florbela.com.pt\/en\/wp-json\/wp\/v2\/pages\/1455\/revisions\/1459"}],"wp:attachment":[{"href":"https:\/\/florbela.com.pt\/en\/wp-json\/wp\/v2\/media?parent=1455"}],"curies":[{"name":"wp","href":"https:\/\/api.w.org\/{rel}","templated":true}]}}